{"id":14,"date":"2020-12-02T08:35:32","date_gmt":"2020-12-02T08:35:32","guid":{"rendered":"https:\/\/holowall.at\/index.php\/mesmerize-pro\/"},"modified":"2021-01-10T12:51:39","modified_gmt":"2021-01-10T12:51:39","slug":"mesmerize-pro","status":"publish","type":"page","link":"https:\/\/holowall.at\/","title":{"rendered":"HOME"},"content":{"rendered":"<div  id=\"overlappable-4\" style=\"background-color: #ffffff;\" data-label=\"Overlappable\" data-id=\"overlappable-4\" data-export-id=\"overlappable-4\" data-category=\"overlappable\" class=\"overlappable-4 content-section content-section-spacing\" data-overlap=\"true\"><div  class=\"gridContainer\"> <div  data-type=\"row\" class=\"row spaced-cols text-center\"><div  class=\"col-xs-12 col-sm-4 col-padding\"> <a  data-cp-link=\"1\" href=\"#\"><i  class=\"fa icon shadow-large-black aligncenter fa-dot-circle-o reverse round large color1\"><\/i><\/a> <div  data-type=\"column\" class=\"\"> <h5  class=\"\"><a data-mce-href=\"http:\/\/www.holocircle.at\" href=\"http:\/\/www.holocircle.at\" target=\"_blank\" rel=\"noopener\" data-mce-selected=\"inline-boundary\" data-cp-link=\"1\" class=\"customize-unpreviewable\">HoloCIRCLE<\/a><\/h5> <p  class=\"\">t\u00e4uschend echte 3D Projektionen<\/p><\/div> <\/div> <div  class=\"col-xs-12 col-sm-4 col-padding\"> <i  class=\"fa icon shadow-large-black aligncenter fa-bullseye reverse round large color1\"><\/i> <div  data-type=\"column\" class=\"\"><h5  class=\"\">HOLOWALL<\/h5> <p  class=\"\">gro\u00dfartige Installationen mit bis zu<br >\n56 HoloCIRCLE<\/p><\/div> <\/div> <div  class=\"col-xs-12 col-sm-4 col-padding\"> <i  class=\"fa icon shadow-large-black aligncenter fa-file-image-o reverse round large color1\"><\/i> <div  data-type=\"column\" class=\"\"><h5  class=\"\">3D Animationen<\/h5> <p  class=\"\">Produktion von 3D Inhalten<\/p><\/div> <\/div><\/div> <\/div><\/div><div  id=\"about-1\" style=\"background-color: #f5fafd;\" data-label=\"About\" data-id=\"about-1\" data-export-id=\"about-1\" data-category=\"about\" class=\"about-1 content-section\"><div  class=\"gridContainer\"> <div  class=\"row text-center\"><div  class=\"section-title-col\" data-type=\"column\"> <h5  class=\"\">xLUMINATIONS<\/h5> <h2  class=\"\">Sind Sie auf der Suche nach <span  href=\"#\" style=\"font-weight: 700; font-family: Playfair Display,sans-serif; font-style: italic;\">faszinierenden, innovtiven Werbetr\u00e4gern<\/span> mit 3D Darstellungen?<\/h2> <p  class=\"lead\">Der <span  style=\"font-weight: 700;\">HOLOCIRCLE<\/span> ist eine LED-basierte L\u00f6sung, der auf einzigartige Weise Grafiken &amp; 3D-basierte Modelle atemberaubenden visualisiert, die von Betrachtern als hochaufl\u00f6sende Hologramme wahrgenommen werden.<\/p><p  class=\"\">F\u00fcr gro\u00dfe 3D Darstellungen werden bis zu 56 HoloCIRCLE zu einer <span  style=\"font-weight: 700;\">HoloWALL<\/span> kombiniert. Ein HoloCIRCLE wird Master und steuert dabei alle anderen HoloCIRCLE synchron.&nbsp; Damit sind au\u00dferordentlich gro\u00dfe 3D Projektionen m\u00f6glich.<\/p><\/div> <\/div> <div  class=\"row\"> <div  class=\"button-holder space-bottom space-bottom-small\" data-type=\"column\"> <a  class=\"button color1\" href=\"#\">GET STARTED NOW<\/a><\/div> <div  class=\"col-xs bottom-xs flexbox image-group-bottom-3-img space-bottom-xs center-xs\"> <img decoding=\"async\"  class=\"left-img shadow-large-black\" data-size=\"500x300\" src=\"https:\/\/holowall.at\/wp-content\/uploads\/2021\/01\/cropped-Winterale.jpg\" title=\"cropped-Winterale.jpg\" alt=\"\"> <img decoding=\"async\"  class=\"center-img shadow-large-black\" data-size=\"500x300\" src=\"https:\/\/holowall.at\/wp-content\/uploads\/2021\/01\/cropped-Cartier01.jpg\" title=\"cropped-Cartier01.jpg\" alt=\"\"> <img decoding=\"async\"  class=\"right-img shadow-large-black\" data-size=\"500x300\" src=\"https:\/\/holowall.at\/wp-content\/uploads\/2021\/01\/cropped-005.jpg\" title=\"cropped-005.jpg\" alt=\"\"><\/div> <\/div><\/div> <\/div><div  id=\"anfragen\" data-label=\"Anfragen\" data-id=\"contact-1\" data-export-id=\"contact-1\" data-category=\"contact\" class=\"contact-1 content-section content-section-spacing white-text\" data-parallax-depth=\"20\"><div  class=\"gridContainer\"> <div  class=\"row text-center\"><div  class=\"section-title-col\" data-type=\"column\"> <h2  class=\"\">Kontakt<\/h2> <p  class=\"lead\">Wenn Sie Kunde oder Agentur sind, schreiben Sie uns einfach und wir unterst\u00fctzen Sie<\/p><\/div> <\/div> <div  class=\"row text-center\"> <div  class=\"col-xs-12 col-sm-8 col-sm-offset-2 contact-form-wrapper inline-info\"> <div  class=\"card large-padding\"> <div  class=\"\" data-content-shortcode=\"mesmerize_contact_form shortcode=&quot;wpforms id=&amp;amp;quot;39&amp;amp;quot;&quot;\" data-editable=\"true\"><div class=\"wpforms-container wpforms-container-full\" id=\"wpforms-39\"><form id=\"wpforms-form-39\" class=\"wpforms-validate wpforms-form\" data-formid=\"39\" method=\"post\" enctype=\"multipart\/form-data\" action=\"\/index.php\/wp-json\/wp\/v2\/pages\/14\" data-token=\"d35d64f8df812c7912096b029fbf4930\" data-token-time=\"1777504605\"><noscript class=\"wpforms-error-noscript\">Bitte aktiviere JavaScript in deinem Browser, um dieses Formular fertigzustellen.<\/noscript><div class=\"wpforms-field-container\"><div id=\"wpforms-39-field_0-container\" class=\"wpforms-field wpforms-field-name\" data-field-id=\"0\"><label class=\"wpforms-field-label\">Name <span class=\"wpforms-required-label\">*<\/span><\/label><div class=\"wpforms-field-row wpforms-field-large\"><div class=\"wpforms-field-row-block wpforms-first wpforms-one-half\"><input type=\"text\" id=\"wpforms-39-field_0\" class=\"wpforms-field-name-first wpforms-field-required\" name=\"wpforms[fields][0][first]\" required><label for=\"wpforms-39-field_0\" class=\"wpforms-field-sublabel after\">Vorname<\/label><\/div><div class=\"wpforms-field-row-block wpforms-one-half\"><input type=\"text\" id=\"wpforms-39-field_0-last\" class=\"wpforms-field-name-last wpforms-field-required\" name=\"wpforms[fields][0][last]\" required><label for=\"wpforms-39-field_0-last\" class=\"wpforms-field-sublabel after\">Nachname<\/label><\/div><\/div><\/div><div id=\"wpforms-39-field_1-container\" class=\"wpforms-field wpforms-field-email\" data-field-id=\"1\"><label class=\"wpforms-field-label\" for=\"wpforms-39-field_1\">Email <span class=\"wpforms-required-label\">*<\/span><\/label><input type=\"email\" id=\"wpforms-39-field_1\" class=\"wpforms-field-medium wpforms-field-required\" name=\"wpforms[fields][1]\" spellcheck=\"false\" required><\/div><div id=\"wpforms-39-field_3-container\" class=\"wpforms-field wpforms-field-text\" data-field-id=\"3\"><label class=\"wpforms-field-label\" for=\"wpforms-39-field_3\">Telefonnummer <span class=\"wpforms-required-label\">*<\/span><\/label><input type=\"text\" id=\"wpforms-39-field_3\" class=\"wpforms-field-medium wpforms-field-required\" name=\"wpforms[fields][3]\" required><\/div><div id=\"wpforms-39-field_2-container\" class=\"wpforms-field wpforms-field-textarea\" data-field-id=\"2\"><label class=\"wpforms-field-label\" for=\"wpforms-39-field_2\">Nachrichten Text<\/label><textarea id=\"wpforms-39-field_2\" class=\"wpforms-field-large\" name=\"wpforms[fields][2]\" ><\/textarea><\/div><\/div><!-- .wpforms-field-container --><div class=\"wpforms-field wpforms-field-hp\"><label for=\"wpforms-39-field-hp\" class=\"wpforms-field-label\">Email<\/label><input type=\"text\" name=\"wpforms[hp]\" id=\"wpforms-39-field-hp\" class=\"wpforms-field-medium\"><\/div><div class=\"wpforms-submit-container\" ><input type=\"hidden\" name=\"wpforms[id]\" value=\"39\"><input type=\"hidden\" name=\"page_title\" value=\"\"><input type=\"hidden\" name=\"page_url\" value=\"https:\/\/holowall.at\/index.php\/wp-json\/wp\/v2\/pages\/14\"><input type=\"hidden\" name=\"url_referer\" value=\"\"><button type=\"submit\" name=\"wpforms[submit]\" id=\"wpforms-submit-39\" class=\"wpforms-submit button color1\" data-alt-text=\"Sending...\" data-submit-text=\"Absenden\" aria-live=\"assertive\" value=\"wpforms-submit\">Absenden<\/button><\/div><\/form><\/div>  <!-- .wpforms-container --><\/div><\/div> <\/div><\/div> <\/div><\/div>","protected":false},"excerpt":{"rendered":"<p>HoloCIRCLE t\u00e4uschend echte 3D Projektionen HOLOWALL gro\u00dfartige Installationen mit bis zu 56 HoloCIRCLE 3D Animationen Produktion von 3D Inhalten xLUMINATIONS Sind Sie auf der Suche nach faszinierenden, innovtiven Werbetr\u00e4gern mit 3D Darstellungen? Der HOLOCIRCLE ist eine LED-basierte L\u00f6sung, der auf einzigartige Weise Grafiken &amp; 3D-basierte Modelle atemberaubenden visualisiert, die von Betrachtern als hochaufl\u00f6sende Hologramme wahrgenommen&hellip; <br \/> <a class=\"read-more\" href=\"https:\/\/holowall.at\/\">Read more<\/a><\/p>\n","protected":false},"author":1,"featured_media":0,"parent":0,"menu_order":0,"comment_status":"closed","ping_status":"closed","template":"page-templates\/homepage.php","meta":{"footnotes":""},"class_list":["post-14","page","type-page","status-publish","hentry"],"aioseo_notices":[],"_links":{"self":[{"href":"https:\/\/holowall.at\/index.php\/wp-json\/wp\/v2\/pages\/14","targetHints":{"allow":["GET"]}}],"collection":[{"href":"https:\/\/holowall.at\/index.php\/wp-json\/wp\/v2\/pages"}],"about":[{"href":"https:\/\/holowall.at\/index.php\/wp-json\/wp\/v2\/types\/page"}],"author":[{"embeddable":true,"href":"https:\/\/holowall.at\/index.php\/wp-json\/wp\/v2\/users\/1"}],"replies":[{"embeddable":true,"href":"https:\/\/holowall.at\/index.php\/wp-json\/wp\/v2\/comments?post=14"}],"version-history":[{"count":18,"href":"https:\/\/holowall.at\/index.php\/wp-json\/wp\/v2\/pages\/14\/revisions"}],"predecessor-version":[{"id":85,"href":"https:\/\/holowall.at\/index.php\/wp-json\/wp\/v2\/pages\/14\/revisions\/85"}],"wp:attachment":[{"href":"https:\/\/holowall.at\/index.php\/wp-json\/wp\/v2\/media?parent=14"}],"curies":[{"name":"wp","href":"https:\/\/api.w.org\/{rel}","templated":true}]}}